{"id":2123,"date":"2018-05-15T15:51:54","date_gmt":"2018-05-15T13:51:54","guid":{"rendered":"http:\/\/amandus.se\/blogg\/?page_id=2123"},"modified":"2024-06-25T22:14:26","modified_gmt":"2024-06-25T20:14:26","slug":"stallplatser-och-campingplatser-vi-besokt","status":"publish","type":"page","link":"https:\/\/amandus.se\/blogg\/?page_id=2123","title":{"rendered":"St\u00e4llplatser och campingplatser vi bes\u00f6kt"},"content":{"rendered":"\n<h2 class=\"wp-block-heading\">2024<\/h2>\n\n\n\n<h2 class=\"wp-block-heading\">Sinksj\u00f6ns camping, Dalarna<\/h2>\n\n\n\n<p>J\u00e4ttefin camping med st\u00e4llplatser. Mycket trevligt v\u00e4rdpar. V\u00e4lst\u00e4dat och fint i alla gemensamhetsutrymmen. 295 kr med el<\/p>\n\n\n\n<p><\/p>\n\n\n<h1><span style=\"color: #008000;\"><strong>2018<\/strong><\/span><\/h1>\n<h3><span style=\"color: #ff6600;\">Grimetons st\u00e4llplats, Halland:<\/span><\/h3>\n<p>Bra lugn st\u00e4llplats. Gratis men inga faciliteter.<\/p>\n<h3><span style=\"color: #ff6600;\">Getter\u00f6ns st\u00e4llplats, Halland:<\/span><\/h3>\n<p>Bra st\u00e4llplats i Getter\u00f6ns hamn. 185 kr och d\u00e5 ing\u00e5r toalett,\u00a0dusch, k\u00f6k. Snyggt och fr\u00e4scht.<\/p>\n<h3><span style=\"color: #ff6600;\">Barseb\u00e4ckstrands camping, Sk\u00e5ne:<\/span><\/h3>\n<p>Inga st\u00e4llplatser bara campingplats. L\u00e5gs\u00e4song 270 kr + 40 kr f\u00f6r el, h\u00f6gs\u00e4song 320 kr + 40 kr f\u00f6r el. Diska fick man g\u00f6ra\u00a0utomhus. Duschrum med fem duschar, hyfsad standard. Personalen k\u00e4ndes tr\u00f6tt\/oengagerad fast s\u00e4songen knappt b\u00f6rjat.<\/p>\n<h3><strong><span style=\"color: #ff6600;\">Gr\u00f6nh\u00f6gens 24 timmars parkering, \u00d6land:<\/span><\/strong><\/h3>\n<p>Parkeringen ligger i Gr\u00f6nh\u00f6gens hamn. Fungerar som en st\u00e4llplats. Det finns el, dusch, toalett, tv\u00e4ttm\u00f6jlighet, m\u00f6jlighet att fylla vatten, t\u00f6mma latrin, allt detta f\u00f6r endast 150 kr\/dygn. Att dessutom personalen \u00e4r mycket trevlig g\u00f6r det ju inte s\u00e4mre.<\/p>\n<h3><strong><span style=\"color: #ff6600;\">K\u00e5seberga st\u00e4llplats, Sk\u00e5ne:<\/span><\/strong><\/h3>\n<p>Vid infarten till K\u00e5seberga finns st\u00e4llplatsen. Det \u00e4r en stor fotbollsplan. Det finns dusch, toa och 18 elplatser. Pris 120 kr\/dygn.<\/p>\n<p>\u00a0<\/p>\n<p>\u00a0<\/p>\n<p>\u00a0<\/p>","protected":false},"excerpt":{"rendered":"<p>2024 Sinksj\u00f6ns camping, Dalarna J\u00e4ttefin camping med st\u00e4llplatser. Mycket trevligt v\u00e4rdpar. V\u00e4lst\u00e4dat och fint i alla gemensamhetsutrymmen. 295 kr med el 2018 Grimetons st\u00e4llplats, Halland: Bra lugn st\u00e4llplats. Gratis men inga faciliteter. Getter\u00f6ns st\u00e4llplats, Halland: Bra st\u00e4llplats i Getter\u00f6ns hamn. 185 kr och d\u00e5 ing\u00e5r toalett,\u00a0dusch, k\u00f6k. Snyggt och fr\u00e4scht. Barseb\u00e4ckstrands camping, Sk\u00e5ne: Inga st\u00e4llplatser &hellip; <a href=\"https:\/\/amandus.se\/blogg\/?page_id=2123\" class=\"more-link\">Forts\u00e4tt l\u00e4sa <span class=\"screen-reader-text\">St\u00e4llplatser och campingplatser vi bes\u00f6kt<\/span> <span class=\"meta-nav\">&rarr;<\/span><\/a><\/p>\n","protected":false},"author":1,"featured_media":0,"parent":0,"menu_order":0,"comment_status":"closed","ping_status":"closed","template":"","meta":{"footnotes":""},"class_list":["post-2123","page","type-page","status-publish","hentry"],"_links":{"self":[{"href":"https:\/\/amandus.se\/blogg\/index.php?rest_route=\/wp\/v2\/pages\/2123","targetHints":{"allow":["GET"]}}],"collection":[{"href":"https:\/\/amandus.se\/blogg\/index.php?rest_route=\/wp\/v2\/pages"}],"about":[{"href":"https:\/\/amandus.se\/blogg\/index.php?rest_route=\/wp\/v2\/types\/page"}],"author":[{"embeddable":true,"href":"https:\/\/amandus.se\/blogg\/index.php?rest_route=\/wp\/v2\/users\/1"}],"replies":[{"embeddable":true,"href":"https:\/\/amandus.se\/blogg\/index.php?rest_route=%2Fwp%2Fv2%2Fcomments&post=2123"}],"version-history":[{"count":6,"href":"https:\/\/amandus.se\/blogg\/index.php?rest_route=\/wp\/v2\/pages\/2123\/revisions"}],"predecessor-version":[{"id":3420,"href":"https:\/\/amandus.se\/blogg\/index.php?rest_route=\/wp\/v2\/pages\/2123\/revisions\/3420"}],"wp:attachment":[{"href":"https:\/\/amandus.se\/blogg\/index.php?rest_route=%2Fwp%2Fv2%2Fmedia&parent=2123"}],"curies":[{"name":"wp","href":"https:\/\/api.w.org\/{rel}","templated":true}]}}